{"id":8532,"date":"2021-07-14T15:26:39","date_gmt":"2021-07-14T15:26:39","guid":{"rendered":"https:\/\/detectordobrasil.com.br\/en\/?page_id=8532"},"modified":"2021-07-14T15:28:21","modified_gmt":"2021-07-14T15:28:21","slug":"oil-spill-detector","status":"publish","type":"page","link":"https:\/\/detectordobrasil.com.br\/en\/products\/oil-spill-detector\/","title":{"rendered":"Oil Spill Detector"},"content":{"rendered":"<div class=\"wpb-content-wrapper\"><p>[vc_row css=&#8221;.vc_custom_1610717079992{padding-top: 80px !important;padding-bottom: 80px !important;}&#8221; el_id=&#8221;exs&#8221;][vc_column enable_column_shadowbox=&#8221;yes&#8221; css=&#8221;.vc_custom_1610715487727{background-color: #ffffff !important;}&#8221; column_box_shadow=&#8221;%5B%7B%22inset%22%3A%22inset%22%2C%22x_offset%22%3A%222%22%2C%22y_offset%22%3A%222%22%2C%22blur_radius%22%3A%222%22%2C%22spread_radius%22%3A%222%22%2C%22shadow_color%22%3A%22rgb(194%2C%20194%2C%20194)%22%7D%5D&#8221; el_id=&#8221;EXS&#8221;][vc_row_inner css=&#8221;.vc_custom_1610717065248{padding-right: 25px !important;padding-left: 25px !important;}&#8221;][vc_column_inner width=&#8221;1\/2&#8243;][vc_single_image image=&#8221;8533&#8243; img_size=&#8221;350&#215;350&#8243; alignment=&#8221;center&#8221;][\/vc_column_inner][vc_column_inner width=&#8221;1\/2&#8243;][vc_column_text]<strong>LASER DIAGNOSTIC INSTRUMENTS \u2013 DETECTOR ROW<\/strong><\/p>\n<p style=\"color: #0f1723;\">Using fluorescence and signal behavior levels, the ROW detector identifies an oil signal and sends an alarm signal with the criteria defined in the software programming for an oil signal.<\/p>\n<p style=\"color: #0f1723;\">The ROW sensor is based on fluorescence technique and works as a rapid analysis method of surface water. The main advantages of the fluorescence technique are the high sensitivity and selectivity of the spectral distinction of unique components within a complex conglomeration of organic substances.<\/p>\n<p style=\"color: #0f1723;\">The system consists of LED UV pulsed, telescopic receptor, data control and processing electronics.<br \/>\nA pulsed LED light source excites oil molecules in a monitored water area that induces its fluorescence. The telescope collets the return signal resulting from the process. The signal received is instantly analyzed by integrated software by the analytical controller. The processing of data and results are done in real time.<br \/>\nThe ROW sensor sets an ALARM when the detected polishing level is greater than the predefined limit (lower limit and higher limit).<br \/>\nThe alarm signals can be sent through wired on non-wired communication systems. The ROW system has RS-485 interfaces, 4-20 mA output signal and relay contacts. The ROW can be integrated with a network of sensors and other devices.<\/p>\n<hr \/>\n<p>Specifications ROW O2311S:<\/p>\n<ul>\n<li>Protection: IP68, stainless steel 316L.<\/li>\n<li>Light source: LED UVA pulsed (Class 3B).<\/li>\n<li>LED life-span: 5 years minimum using higher sampling frequency.<\/li>\n<li>Interfaces: Relays; RS-485; 4-20mA<\/li>\n<li>Sensibilidade a partir de 1 micr\u00f4metro de \u00f3leo na superf\u00edcie detectado numa dist\u00e2ncia de acima do n\u00edvel da \u00e1gua.<\/li>\n<li>Sensibility starting at 1 micrometer of detected oil on surface<\/li>\n<li>OUTPUT SIGNALS: Relays; RS \u2013 485; 4-20 mA; RS-232; Ethernet\/LAN.\u2028Wireless options: Wi-Fi; GSM; Radio Link; Custom Solution.<\/li>\n<li>Power consumption &lt; 2 Watt<\/li>\n<li>Dimensions: 292 x 139 x 139 mm<\/li>\n<li>Standards: CE1336\u2028EVS-EN 61010-1, EVS-EN 61000-6-2, EVS-EN 61000-6-3, EN 61000-4 series, EN 61326\u2028IP 68 EN 60529.<\/li>\n<\/ul>\n<p><span style=\"color: #0951a1;\"><br \/>\n<\/span><span style=\"color: #0951a1;\"><b>Manufacture: <\/b><\/span>LASER DIAGNOSTIC INSTRUMENTS<br \/>\n<strong><a href=\"https:\/\/detectordobrasil.com.br\/wp-content\/uploads\/2021\/07\/LDI-ROW-Oil-Series-DB.pdf\" target=\"_blank\" rel=\"noopener\"><span style=\"color: #e50b21;\">Read more &gt;<\/span><\/a><br \/>\n<a href=\"https:\/\/detectordobrasil.com.br\/wp-content\/uploads\/2021\/07\/CASE-STUDY_PORT.pdf\" target=\"_blank\" rel=\"noopener\"><span style=\"color: #e50b21;\">Read more &gt;<\/span><\/a><br \/>\n<\/strong>[\/vc_column_text][\/vc_column_inner][\/vc_row_inner][\/vc_column][\/vc_row]<\/p>\n<\/div>","protected":false},"excerpt":{"rendered":"<p>[vc_row css=&#8221;.vc_custom_1610717079992{padding-top: 80px !important;padding-bottom: 80px !important;}&#8221; el_id=&#8221;exs&#8221;][vc_column enable_column_shadowbox=&#8221;yes&#8221; css=&#8221;.vc_custom_1610715487727{background-color: #ffffff !important;}&#8221; column_box_shadow=&#8221;%5B%7B%22inset%22%3A%22inset%22%2C%22x_offset%22%3A%222%22%2C%22y_offset%22%3A%222%22%2C%22blur_radius%22%3A%222%22%2C%22spread_radius%22%3A%222%22%2C%22shadow_color%22%3A%22rgb(194%2C%20194%2C%20194)%22%7D%5D&#8221; el_id=&#8221;EXS&#8221;][vc_row_inner css=&#8221;.vc_custom_1610717065248{padding-right: 25px&#8230;<\/p>\n","protected":false},"author":1,"featured_media":0,"parent":8269,"menu_order":0,"comment_status":"closed","ping_status":"closed","template":"","meta":{"_monsterinsights_skip_tracking":false,"_monsterinsights_sitenote_active":false,"_monsterinsights_sitenote_note":"","_monsterinsights_sitenote_category":0,"footnotes":""},"class_list":["post-8532","page","type-page","status-publish","hentry"],"yoast_head":"<!-- This site is optimized with the Yoast SEO plugin v22.7 - https:\/\/yoast.com\/wordpress\/plugins\/seo\/ -->\n<title>Oil Spill Detector - Detector do Brasil<\/title>\n<meta name=\"robots\" content=\"index, follow, max-snippet:-1, max-image-preview:large, max-video-preview:-1\" \/>\n<link rel=\"canonical\" href=\"https:\/\/detectordobrasil.com.br\/en\/products\/oil-spill-detector\/\" \/>\n<meta property=\"og:locale\" content=\"pt_BR\" \/>\n<meta property=\"og:type\" content=\"article\" \/>\n<meta property=\"og:title\" content=\"Oil Spill Detector - Detector do Brasil\" \/>\n<meta property=\"og:description\" content=\"[vc_row css=&#8221;.vc_custom_1610717079992{padding-top: 80px !important;padding-bottom: 80px !important;}&#8221; el_id=&#8221;exs&#8221;][vc_column enable_column_shadowbox=&#8221;yes&#8221; css=&#8221;.vc_custom_1610715487727{background-color: #ffffff !important;}&#8221; column_box_shadow=&#8221;%5B%7B%22inset%22%3A%22inset%22%2C%22x_offset%22%3A%222%22%2C%22y_offset%22%3A%222%22%2C%22blur_radius%22%3A%222%22%2C%22spread_radius%22%3A%222%22%2C%22shadow_color%22%3A%22rgb(194%2C%20194%2C%20194)%22%7D%5D&#8221; el_id=&#8221;EXS&#8221;][vc_row_inner css=&#8221;.vc_custom_1610717065248{padding-right: 25px...\" \/>\n<meta property=\"og:url\" content=\"https:\/\/detectordobrasil.com.br\/en\/products\/oil-spill-detector\/\" \/>\n<meta property=\"og:site_name\" content=\"Detector do Brasil\" \/>\n<meta property=\"article:modified_time\" content=\"2021-07-14T15:28:21+00:00\" \/>\n<meta name=\"twitter:card\" content=\"summary_large_image\" \/>\n<meta name=\"twitter:label1\" content=\"Est. tempo de leitura\" \/>\n\t<meta name=\"twitter:data1\" content=\"2 minutos\" \/>\n<script type=\"application\/ld+json\" class=\"yoast-schema-graph\">{\"@context\":\"https:\/\/schema.org\",\"@graph\":[{\"@type\":\"WebPage\",\"@id\":\"https:\/\/detectordobrasil.com.br\/en\/products\/oil-spill-detector\/\",\"url\":\"https:\/\/detectordobrasil.com.br\/en\/products\/oil-spill-detector\/\",\"name\":\"Oil Spill Detector - Detector do Brasil\",\"isPartOf\":{\"@id\":\"https:\/\/detectordobrasil.com.br\/en\/#website\"},\"datePublished\":\"2021-07-14T15:26:39+00:00\",\"dateModified\":\"2021-07-14T15:28:21+00:00\",\"breadcrumb\":{\"@id\":\"https:\/\/detectordobrasil.com.br\/en\/products\/oil-spill-detector\/#breadcrumb\"},\"inLanguage\":\"pt-BR\",\"potentialAction\":[{\"@type\":\"ReadAction\",\"target\":[\"https:\/\/detectordobrasil.com.br\/en\/products\/oil-spill-detector\/\"]}]},{\"@type\":\"BreadcrumbList\",\"@id\":\"https:\/\/detectordobrasil.com.br\/en\/products\/oil-spill-detector\/#breadcrumb\",\"itemListElement\":[{\"@type\":\"ListItem\",\"position\":1,\"name\":\"In\u00edcio\",\"item\":\"https:\/\/detectordobrasil.com.br\/en\/\"},{\"@type\":\"ListItem\",\"position\":2,\"name\":\"Products\",\"item\":\"https:\/\/detectordobrasil.com.br\/en\/products\/\"},{\"@type\":\"ListItem\",\"position\":3,\"name\":\"Oil Spill Detector\"}]},{\"@type\":\"WebSite\",\"@id\":\"https:\/\/detectordobrasil.com.br\/en\/#website\",\"url\":\"https:\/\/detectordobrasil.com.br\/en\/\",\"name\":\"Detector do Brasil\",\"description\":\"\",\"potentialAction\":[{\"@type\":\"SearchAction\",\"target\":{\"@type\":\"EntryPoint\",\"urlTemplate\":\"https:\/\/detectordobrasil.com.br\/en\/?s={search_term_string}\"},\"query-input\":\"required name=search_term_string\"}],\"inLanguage\":\"pt-BR\"}]}<\/script>\n<!-- \/ Yoast SEO plugin. -->","yoast_head_json":{"title":"Oil Spill Detector - Detector do Brasil","robots":{"index":"index","follow":"follow","max-snippet":"max-snippet:-1","max-image-preview":"max-image-preview:large","max-video-preview":"max-video-preview:-1"},"canonical":"https:\/\/detectordobrasil.com.br\/en\/products\/oil-spill-detector\/","og_locale":"pt_BR","og_type":"article","og_title":"Oil Spill Detector - Detector do Brasil","og_description":"[vc_row css=&#8221;.vc_custom_1610717079992{padding-top: 80px !important;padding-bottom: 80px !important;}&#8221; el_id=&#8221;exs&#8221;][vc_column enable_column_shadowbox=&#8221;yes&#8221; css=&#8221;.vc_custom_1610715487727{background-color: #ffffff !important;}&#8221; column_box_shadow=&#8221;%5B%7B%22inset%22%3A%22inset%22%2C%22x_offset%22%3A%222%22%2C%22y_offset%22%3A%222%22%2C%22blur_radius%22%3A%222%22%2C%22spread_radius%22%3A%222%22%2C%22shadow_color%22%3A%22rgb(194%2C%20194%2C%20194)%22%7D%5D&#8221; el_id=&#8221;EXS&#8221;][vc_row_inner css=&#8221;.vc_custom_1610717065248{padding-right: 25px...","og_url":"https:\/\/detectordobrasil.com.br\/en\/products\/oil-spill-detector\/","og_site_name":"Detector do Brasil","article_modified_time":"2021-07-14T15:28:21+00:00","twitter_card":"summary_large_image","twitter_misc":{"Est. tempo de leitura":"2 minutos"},"schema":{"@context":"https:\/\/schema.org","@graph":[{"@type":"WebPage","@id":"https:\/\/detectordobrasil.com.br\/en\/products\/oil-spill-detector\/","url":"https:\/\/detectordobrasil.com.br\/en\/products\/oil-spill-detector\/","name":"Oil Spill Detector - Detector do Brasil","isPartOf":{"@id":"https:\/\/detectordobrasil.com.br\/en\/#website"},"datePublished":"2021-07-14T15:26:39+00:00","dateModified":"2021-07-14T15:28:21+00:00","breadcrumb":{"@id":"https:\/\/detectordobrasil.com.br\/en\/products\/oil-spill-detector\/#breadcrumb"},"inLanguage":"pt-BR","potentialAction":[{"@type":"ReadAction","target":["https:\/\/detectordobrasil.com.br\/en\/products\/oil-spill-detector\/"]}]},{"@type":"BreadcrumbList","@id":"https:\/\/detectordobrasil.com.br\/en\/products\/oil-spill-detector\/#breadcrumb","itemListElement":[{"@type":"ListItem","position":1,"name":"In\u00edcio","item":"https:\/\/detectordobrasil.com.br\/en\/"},{"@type":"ListItem","position":2,"name":"Products","item":"https:\/\/detectordobrasil.com.br\/en\/products\/"},{"@type":"ListItem","position":3,"name":"Oil Spill Detector"}]},{"@type":"WebSite","@id":"https:\/\/detectordobrasil.com.br\/en\/#website","url":"https:\/\/detectordobrasil.com.br\/en\/","name":"Detector do Brasil","description":"","potentialAction":[{"@type":"SearchAction","target":{"@type":"EntryPoint","urlTemplate":"https:\/\/detectordobrasil.com.br\/en\/?s={search_term_string}"},"query-input":"required name=search_term_string"}],"inLanguage":"pt-BR"}]}},"_links":{"self":[{"href":"https:\/\/detectordobrasil.com.br\/en\/wp-json\/wp\/v2\/pages\/8532","targetHints":{"allow":["GET"]}}],"collection":[{"href":"https:\/\/detectordobrasil.com.br\/en\/wp-json\/wp\/v2\/pages"}],"about":[{"href":"https:\/\/detectordobrasil.com.br\/en\/wp-json\/wp\/v2\/types\/page"}],"author":[{"embeddable":true,"href":"https:\/\/detectordobrasil.com.br\/en\/wp-json\/wp\/v2\/users\/1"}],"replies":[{"embeddable":true,"href":"https:\/\/detectordobrasil.com.br\/en\/wp-json\/wp\/v2\/comments?post=8532"}],"version-history":[{"count":2,"href":"https:\/\/detectordobrasil.com.br\/en\/wp-json\/wp\/v2\/pages\/8532\/revisions"}],"predecessor-version":[{"id":8536,"href":"https:\/\/detectordobrasil.com.br\/en\/wp-json\/wp\/v2\/pages\/8532\/revisions\/8536"}],"up":[{"embeddable":true,"href":"https:\/\/detectordobrasil.com.br\/en\/wp-json\/wp\/v2\/pages\/8269"}],"wp:attachment":[{"href":"https:\/\/detectordobrasil.com.br\/en\/wp-json\/wp\/v2\/media?parent=8532"}],"curies":[{"name":"wp","href":"https:\/\/api.w.org\/{rel}","templated":true}]}}