{"id":3883,"date":"2018-09-10T17:31:21","date_gmt":"2018-09-10T17:31:21","guid":{"rendered":"http:\/\/business.one.peakteam.co\/?page_id=3883"},"modified":"2021-01-26T14:46:07","modified_gmt":"2021-01-26T14:46:07","slug":"about-2","status":"publish","type":"page","link":"https:\/\/detectordobrasil.com.br\/en\/about-2\/","title":{"rendered":"About"},"content":{"rendered":"<div class=\"wpb-content-wrapper\"><p>[vc_row parallax=&#8221;enable_parallax&#8221; bg_position=&#8221;center bottom&#8221; css=&#8221;.vc_custom_1610377757004{padding-top: 80px !important;padding-bottom: 40px !important;}&#8221;][vc_column enable_content_animation=&#8221;yes&#8221; ca_init_scale_x=&#8221;1&#8243; ca_init_scale_y=&#8221;1&#8243; ca_init_scale_z=&#8221;1&#8243; ca_init_opacity=&#8221;0&#8243; ca_an_scale_x=&#8221;1&#8243; ca_an_scale_y=&#8221;1&#8243; ca_an_scale_z=&#8221;1&#8243; ca_an_opacity=&#8221;1&#8243; offset=&#8221;vc_col-lg-5 vc_col-md-6&#8243; ca_init_translate_y=&#8221;40&#8243; css=&#8221;.vc_custom_1610368275301{margin-top: -20px !important;}&#8221;]<style>.ld_fancy_heading_69ea31a2f2040 h6{font-size:14px;letter-spacing:0.2em;color:rgb(237, 26, 47);}.ld_fancy_heading_69ea31a2f2040 .lqd-highlight-inner{height:0.275em;bottom:0px;}<\/style><div class=\"ld-fancy-heading text-uppercase ld_fancy_heading_69ea31a2f2040\">\n\t<h6 class=\"lqd-highlight-underline lqd-highlight-grow-left\" ><span class=\"ld-fh-txt\"> About Detector do Brasil<\/span><\/h6><\/div>[vc_empty_space height=&#8221;7px&#8221;][vc_separator color=&#8221;custom&#8221; align=&#8221;align_left&#8221; border_width=&#8221;2&#8243; el_width=&#8221;10&#8243; accent_color=&#8221;#ed1a2f&#8221; css=&#8221;.vc_custom_1610295090261{margin-bottom: 25px !important;}&#8221;]<style>.ld_fancy_heading_69ea31a2f3ad2 p{font-size:20px;line-height:1.6em;font-weight:300;color:rgb(24, 27, 49);}@media (min-width: 1200px) { .ld_fancy_heading_69ea31a2f3ad2 p {padding-top:-90px !important;  }  } .ld_fancy_heading_69ea31a2f3ad2 .lqd-highlight-inner{height:0.275em;bottom:0px;}@media (min-width: 1200px) { .ld_fancy_heading_69ea31a2f3ad2 p {padding-top:-90px !important;  }  } <\/style><div class=\"ld-fancy-heading ld_fancy_heading_69ea31a2f3ad2\">\n\t<p class=\"lqd-highlight-underline lqd-highlight-grow-left\" data-split-text=\"true\" data-custom-animations=\"true\" data-ca-options='{\"triggerHandler\":\"inview\",\"animationTarget\":\".lqd-lines .split-inner\",\"duration\":700,\"delay\":100,\"easing\":\"easeOutQuint\",\"direction\":\"forward\",\"initValues\":{\"scale\":1},\"animations\":{\"scale\":1}}' data-split-options='{\"type\":\"lines\"}'><span class=\"ld-fh-txt\"> <\/p>\n<p class=\"p1\">Founded in 1982, <strong>DETECTOR DO BRASIL LTDA<\/strong>, is an independent Brazilian company. Detector sells its own and third-party products through commercial and technological agreements with world-class companies from around the world. Our activities are present in various industries, with focus in the oil and gas sector.<\/p>\n<p><\/span><\/p><\/div>[\/vc_column][vc_column parallax=&#8221;yes&#8221; scale_from_x=&#8221;1&#8243; scale_from_y=&#8221;1&#8243; scale_from_z=&#8221;1&#8243; from_opacity=&#8221;1&#8243; scale_to_x=&#8221;1&#8243; scale_to_y=&#8221;1&#8243; scale_to_z=&#8221;1&#8243; to_opacity=&#8221;1&#8243; enable_content_animation=&#8221;yes&#8221; ca_init_scale_x=&#8221;1&#8243; ca_init_scale_y=&#8221;1&#8243; ca_init_scale_z=&#8221;1&#8243; ca_init_opacity=&#8221;0&#8243; ca_an_scale_x=&#8221;1&#8243; ca_an_scale_y=&#8221;1&#8243; ca_an_scale_z=&#8221;1&#8243; ca_an_opacity=&#8221;1&#8243; offset=&#8221;vc_col-lg-offset-2 vc_col-lg-5 vc_col-md-6 vc_hidden-md vc_hidden-sm vc_hidden-xs&#8221; css=&#8221;.vc_custom_1610405428487{margin-top: -10% !important;background-position: center !important;background-repeat: no-repeat !important;background-size: cover !important;}&#8221; el_class=&#8221;z-index-2&#8243; ca_init_translate_y=&#8221;35&#8243; translate_from_y=&#8221;-135&#8243; translate_to_y=&#8221;111&#8243; ca_duration=&#8221;1600&#8243;][vc_single_image image=&#8221;8438&#8243; img_size=&#8221;full&#8221;][\/vc_column][\/vc_row][vc_row row_hide=&#8221;hidden-lg&#8221;][vc_column offset=&#8221;vc_hidden-lg&#8221;][vc_single_image image=&#8221;8143&#8243; img_size=&#8221;full&#8221;][\/vc_column][\/vc_row][vc_row css=&#8221;.vc_custom_1610397581887{margin-top: -25px !important;background-color: #f3f5f6 !important;}&#8221;][vc_column]<style>.ld_spacer_69ea31a2f40c1{height:20px;}@media (min-width: 1200px) { .ld_spacer_69ea31a2f40c1{height:75px};}<\/style>\n<div class=\"ld-empty-space ld_spacer_69ea31a2f40c1\"><span class=\"liquid_empty_space_inner\"><\/span><\/div>[vc_row_inner][vc_column_inner width=&#8221;1\/2&#8243; css=&#8221;.vc_custom_1610397119046{padding-right: 25px !important;}&#8221;][vc_empty_space][vc_single_image image=&#8221;8505&#8243; img_size=&#8221;full&#8221;][vc_empty_space][\/vc_column_inner][vc_column_inner width=&#8221;1\/2&#8243;]<style>.ld_fancy_heading_69ea31a2f4166 p{font-size:17px;line-height:1.6em;font-weight:300;color:rgb(24, 27, 49);}@media (min-width: 1200px) { .ld_fancy_heading_69ea31a2f4166 p {padding-top:-90px !important;  }  } .ld_fancy_heading_69ea31a2f4166 .lqd-highlight-inner{height:0.275em;bottom:0px;}@media (min-width: 1200px) { .ld_fancy_heading_69ea31a2f4166 p {padding-top:-90px !important;  }  } <\/style><div class=\"ld-fancy-heading ld_fancy_heading_69ea31a2f4166\">\n\t<p class=\"lqd-highlight-underline lqd-highlight-grow-left\" data-split-text=\"true\" data-custom-animations=\"true\" data-ca-options='{\"triggerHandler\":\"inview\",\"animationTarget\":\".lqd-lines .split-inner\",\"duration\":700,\"delay\":100,\"easing\":\"easeOutQuint\",\"direction\":\"forward\",\"initValues\":{\"scale\":1},\"animations\":{\"scale\":1}}' data-split-options='{\"type\":\"lines\"}'><span class=\"ld-fh-txt\"> <\/p>\n<p class=\"p1\">We\u2019re highly specialized in oil-in-water detection, flame and gas detection, special ball valves, and various custom-made skid-mounted equipment.<\/p>\n<p class=\"p1\">Detector has supplied more than <strong>25,000 flame and gas detectors<\/strong>, as well as complete detection and interlocking systems, to more than 100 exploration and production platforms, FPSO\u2019s, FSO\u2019s, drill ships, and cruise ships.<\/p>\n<p><\/span><\/p><\/div><style>.ld_fancy_heading_69ea31a3001da p{font-size:17px;line-height:1.6em;font-weight:300;color:rgb(4, 84, 164);}@media (min-width: 1200px) { .ld_fancy_heading_69ea31a3001da p {padding-top:-90px !important;  }  } .ld_fancy_heading_69ea31a3001da .lqd-highlight-inner{height:0.275em;bottom:0px;}@media (min-width: 1200px) { .ld_fancy_heading_69ea31a3001da p {padding-top:-90px !important;  }  } <\/style><div class=\"ld-fancy-heading ld_fancy_heading_69ea31a3001da\">\n\t<p class=\"lqd-highlight-underline lqd-highlight-grow-left\" data-split-text=\"true\" data-custom-animations=\"true\" data-ca-options='{\"triggerHandler\":\"inview\",\"animationTarget\":\".lqd-lines .split-inner\",\"duration\":700,\"delay\":100,\"easing\":\"easeOutQuint\",\"direction\":\"forward\",\"initValues\":{\"scale\":1},\"animations\":{\"scale\":1}}' data-split-options='{\"type\":\"lines\"}'><span class=\"ld-fh-txt\"> <\/p>\n<p class=\"p1\"><strong>Petrobras<\/strong> has used our equipment in its offshore and refinery production facilities since 1982.<\/p>\n<p><\/span><\/p><\/div>[\/vc_column_inner][\/vc_row_inner]<style>.ld_spacer_69ea31a300265{height:20px;}@media (min-width: 1200px) { .ld_spacer_69ea31a300265{height:75px};}<\/style>\n<div class=\"ld-empty-space ld_spacer_69ea31a300265\"><span class=\"liquid_empty_space_inner\"><\/span><\/div>[\/vc_column][\/vc_row][vc_row equal_height=&#8221;yes&#8221; content_placement=&#8221;middle&#8221; disable_element=&#8221;yes&#8221; css=&#8221;.vc_custom_1610649972214{padding-top: 60px !important;padding-bottom: 20px !important;}&#8221;][vc_column responsive_align=&#8221;text-md-left text-xs-center&#8221; offset=&#8221;vc_col-md-6&#8243; css=&#8221;.vc_custom_1527685444427{margin-bottom: 45px !important;}&#8221;]<style>.ld_fancy_heading_69ea31a3002cd h2{font-weight:400;}.ld_fancy_heading_69ea31a3002cd .lqd-highlight-inner{height:0.275em;bottom:0px;}<\/style><div class=\"ld-fancy-heading ld_fancy_heading_69ea31a3002cd\">\n\t<h2 class=\"lqd-highlight-underline lqd-highlight-grow-left\" ><span class=\"ld-fh-txt\"> Equipe<\/span><\/h2><\/div>[\/vc_column][vc_column responsive_align=&#8221;text-md-right text-xs-center&#8221; css=&#8221;.vc_custom_1527685439914{margin-bottom: 45px !important;}&#8221; offset=&#8221;vc_col-md-6&#8243;]<style>.ld_button_69ea31a300360.btn-icon-solid .btn-icon{background:rgb(237, 26, 47);}.ld_button_69ea31a300360.btn-icon-circle.btn-icon-ripple .btn-icon:before{border-color:rgb(237, 26, 47);}.ld_button_69ea31a300360{color:rgb(237, 26, 47);border-color:rgb(237, 26, 47);font-size:13px !important;font-weight:700 !important;}.ld_button_69ea31a300360:hover{background-color:rgb(237, 26, 47);}<\/style><a href=\"#\" class=\"btn btn-default text-uppercase btn-sm btn-bordered border-thin ld_button_69ea31a300360 vc_custom_1610397905271\">\n\t<span>\n\t\t\n\t\t\t\t\t<span class=\"btn-txt\">Conhe\u00e7a toda equipe<\/span>\n\t\t\t\n\t<span class=\"btn-icon\"><i class=\"icon-arrows_right\"><\/i><\/span>\t\t\t<\/span>\n<\/a>\n[\/vc_column][vc_column width=&#8221;2\/3&#8243; enable_content_animation=&#8221;yes&#8221; ca_init_scale_x=&#8221;1&#8243; ca_init_scale_y=&#8221;1&#8243; ca_init_scale_z=&#8221;1&#8243; ca_init_opacity=&#8221;0&#8243; ca_an_scale_x=&#8221;1&#8243; ca_an_scale_y=&#8221;1&#8243; ca_an_scale_z=&#8221;1&#8243; ca_an_opacity=&#8221;1&#8243; offset=&#8221;vc_col-md-offset-0 vc_col-md-4&#8243; ca_init_translate_y=&#8221;20&#8243; ca_duration=&#8221;1200&#8243; ca_delay=&#8221;150&#8243;][vc_single_image image=&#8221;8161&#8243; img_size=&#8221;full&#8221; css=&#8221;.vc_custom_1610398051612{margin-bottom: 22px !important;}&#8221;]<style>@media (min-width: 992px) { .ld_fancy_heading_69ea31a3007b5 h3 {margin-bottom:0px !important;  }  } .ld_fancy_heading_69ea31a3007b5 .lqd-highlight-inner{height:0.275em;bottom:0px;}@media (min-width: 992px) { .ld_fancy_heading_69ea31a3007b5 h3 {margin-bottom:0px !important;  }  } <\/style><div class=\"ld-fancy-heading ld_fancy_heading_69ea31a3007b5\">\n\t<h3 class=\"lqd-highlight-underline lqd-highlight-grow-left\" ><span class=\"ld-fh-txt\"> Patrick Braathen<br \/>\n<\/span><\/h3><\/div><style>.ld_fancy_heading_69ea31a300e24 h6{font-size:12px;font-weight:400;letter-spacing:0.1em;color:rgb(167, 169, 184);}.ld_fancy_heading_69ea31a300e24 .lqd-highlight-inner{height:0.275em;bottom:0px;}<\/style><div class=\"ld-fancy-heading text-uppercase ld_fancy_heading_69ea31a300e24\">\n\t<h6 class=\"lqd-highlight-underline lqd-highlight-grow-left\" ><span class=\"ld-fh-txt\"> S\u00f3cio-Fundador<\/span><\/h6><\/div><style>.ld_fancy_heading_69ea31a3012cf p{font-size:15px;line-height:1.6em;}@media (min-width: 992px) { .ld_fancy_heading_69ea31a3012cf p {margin-right:10% !important;  }  } .ld_fancy_heading_69ea31a3012cf .lqd-highlight-inner{height:0.275em;bottom:0px;}@media (min-width: 992px) { .ld_fancy_heading_69ea31a3012cf p {margin-right:10% !important;  }  } <\/style><div class=\"ld-fancy-heading ld_fancy_heading_69ea31a3012cf\">\n\t<p class=\"lqd-highlight-underline lqd-highlight-grow-left\" ><span class=\"ld-fh-txt\"> Aqui colocaremos um pequeno texto sobre a fun\u00e7\u00e3o na empresa, n\u00e3o precisa ser grande s\u00f3 para o cliente se sentir mais pr\u00f3ximo da empresa.<\/span><\/p><\/div>[vc_empty_space][\/vc_column][vc_column width=&#8221;2\/3&#8243; enable_content_animation=&#8221;yes&#8221; ca_init_scale_x=&#8221;1&#8243; ca_init_scale_y=&#8221;1&#8243; ca_init_scale_z=&#8221;1&#8243; ca_init_opacity=&#8221;0&#8243; ca_an_scale_x=&#8221;1&#8243; ca_an_scale_y=&#8221;1&#8243; ca_an_scale_z=&#8221;1&#8243; ca_an_opacity=&#8221;1&#8243; offset=&#8221;vc_col-md-offset-0 vc_col-md-4&#8243; ca_init_translate_y=&#8221;20&#8243; ca_start_delay=&#8221;200&#8243; ca_duration=&#8221;1200&#8243; ca_delay=&#8221;150&#8243;][vc_single_image image=&#8221;8161&#8243; img_size=&#8221;full&#8221; css=&#8221;.vc_custom_1610398051612{margin-bottom: 22px !important;}&#8221;]<style>@media (min-width: 992px) { .ld_fancy_heading_69ea31a3014d1 h3 {margin-bottom:0px !important;  }  } .ld_fancy_heading_69ea31a3014d1 .lqd-highlight-inner{height:0.275em;bottom:0px;}@media (min-width: 992px) { .ld_fancy_heading_69ea31a3014d1 h3 {margin-bottom:0px !important;  }  } <\/style><div class=\"ld-fancy-heading ld_fancy_heading_69ea31a3014d1\">\n\t<h3 class=\"lqd-highlight-underline lqd-highlight-grow-left\" ><span class=\"ld-fh-txt\"> Patrick Braathen<br \/>\n<\/span><\/h3><\/div><style>.ld_fancy_heading_69ea31a301552 h6{font-size:12px;font-weight:400;letter-spacing:0.1em;color:rgb(167, 169, 184);}.ld_fancy_heading_69ea31a301552 .lqd-highlight-inner{height:0.275em;bottom:0px;}<\/style><div class=\"ld-fancy-heading text-uppercase ld_fancy_heading_69ea31a301552\">\n\t<h6 class=\"lqd-highlight-underline lqd-highlight-grow-left\" ><span class=\"ld-fh-txt\"> S\u00f3cio-Fundador<\/span><\/h6><\/div><style>.ld_fancy_heading_69ea31a3015b7 p{font-size:15px;line-height:1.6em;}@media (min-width: 992px) { .ld_fancy_heading_69ea31a3015b7 p {margin-right:10% !important;  }  } .ld_fancy_heading_69ea31a3015b7 .lqd-highlight-inner{height:0.275em;bottom:0px;}@media (min-width: 992px) { .ld_fancy_heading_69ea31a3015b7 p {margin-right:10% !important;  }  } <\/style><div class=\"ld-fancy-heading ld_fancy_heading_69ea31a3015b7\">\n\t<p class=\"lqd-highlight-underline lqd-highlight-grow-left\" ><span class=\"ld-fh-txt\"> Aqui colocaremos um pequeno texto sobre a fun\u00e7\u00e3o na empresa, n\u00e3o precisa ser grande s\u00f3 para o cliente se sentir mais pr\u00f3ximo da empresa.<\/span><\/p><\/div>[vc_empty_space][\/vc_column][vc_column width=&#8221;2\/3&#8243; enable_content_animation=&#8221;yes&#8221; ca_init_scale_x=&#8221;1&#8243; ca_init_scale_y=&#8221;1&#8243; ca_init_scale_z=&#8221;1&#8243; ca_init_opacity=&#8221;0&#8243; ca_an_scale_x=&#8221;1&#8243; ca_an_scale_y=&#8221;1&#8243; ca_an_scale_z=&#8221;1&#8243; ca_an_opacity=&#8221;1&#8243; offset=&#8221;vc_col-md-4&#8243; ca_init_translate_y=&#8221;20&#8243; ca_start_delay=&#8221;400&#8243; ca_duration=&#8221;1200&#8243; ca_delay=&#8221;150&#8243;][vc_single_image image=&#8221;8161&#8243; img_size=&#8221;full&#8221; css=&#8221;.vc_custom_1610398051612{margin-bottom: 22px !important;}&#8221;]<style>@media (min-width: 992px) { .ld_fancy_heading_69ea31a301614 h3 {margin-bottom:0px !important;  }  } .ld_fancy_heading_69ea31a301614 .lqd-highlight-inner{height:0.275em;bottom:0px;}@media (min-width: 992px) { .ld_fancy_heading_69ea31a301614 h3 {margin-bottom:0px !important;  }  } <\/style><div class=\"ld-fancy-heading ld_fancy_heading_69ea31a301614\">\n\t<h3 class=\"lqd-highlight-underline lqd-highlight-grow-left\" ><span class=\"ld-fh-txt\"> Patrick Braathen<br \/>\n<\/span><\/h3><\/div><style>.ld_fancy_heading_69ea31a30167f h6{font-size:12px;font-weight:400;letter-spacing:0.1em;color:rgb(167, 169, 184);}.ld_fancy_heading_69ea31a30167f .lqd-highlight-inner{height:0.275em;bottom:0px;}<\/style><div class=\"ld-fancy-heading text-uppercase ld_fancy_heading_69ea31a30167f\">\n\t<h6 class=\"lqd-highlight-underline lqd-highlight-grow-left\" ><span class=\"ld-fh-txt\"> S\u00f3cio-Fundador<\/span><\/h6><\/div><style>.ld_fancy_heading_69ea31a3016d7 p{font-size:15px;line-height:1.6em;}@media (min-width: 992px) { .ld_fancy_heading_69ea31a3016d7 p {margin-right:10% !important;  }  } .ld_fancy_heading_69ea31a3016d7 .lqd-highlight-inner{height:0.275em;bottom:0px;}@media (min-width: 992px) { .ld_fancy_heading_69ea31a3016d7 p {margin-right:10% !important;  }  } <\/style><div class=\"ld-fancy-heading ld_fancy_heading_69ea31a3016d7\">\n\t<p class=\"lqd-highlight-underline lqd-highlight-grow-left\" ><span class=\"ld-fh-txt\"> Aqui colocaremos um pequeno texto sobre a fun\u00e7\u00e3o na empresa, n\u00e3o precisa ser grande s\u00f3 para o cliente se sentir mais pr\u00f3ximo da empresa.<\/span><\/p><\/div>[vc_empty_space][\/vc_column][\/vc_row]<\/p>\n<\/div>","protected":false},"excerpt":{"rendered":"<p>[vc_row parallax=&#8221;enable_parallax&#8221; bg_position=&#8221;center bottom&#8221; css=&#8221;.vc_custom_1610377757004{padding-top: 80px !important;padding-bottom: 40px !important;}&#8221;][vc_column enable_content_animation=&#8221;yes&#8221; ca_init_scale_x=&#8221;1&#8243; ca_init_scale_y=&#8221;1&#8243; ca_init_scale_z=&#8221;1&#8243; ca_init_opacity=&#8221;0&#8243; ca_an_scale_x=&#8221;1&#8243;&#8230;<\/p>\n","protected":false},"author":1,"featured_media":0,"parent":0,"menu_order":0,"comment_status":"closed","ping_status":"closed","template":"","meta":{"_monsterinsights_skip_tracking":false,"_monsterinsights_sitenote_active":false,"_monsterinsights_sitenote_note":"","_monsterinsights_sitenote_category":0,"footnotes":""},"class_list":["post-3883","page","type-page","status-publish","hentry"],"yoast_head":"<!-- This site is optimized with the Yoast SEO plugin v22.7 - https:\/\/yoast.com\/wordpress\/plugins\/seo\/ -->\n<title>About - Detector do Brasil<\/title>\n<meta name=\"robots\" content=\"index, follow, max-snippet:-1, max-image-preview:large, max-video-preview:-1\" \/>\n<link rel=\"canonical\" href=\"https:\/\/detectordobrasil.com.br\/en\/about-2\/\" \/>\n<meta property=\"og:locale\" content=\"pt_BR\" \/>\n<meta property=\"og:type\" content=\"article\" \/>\n<meta property=\"og:title\" content=\"About - Detector do Brasil\" \/>\n<meta property=\"og:description\" content=\"[vc_row parallax=&#8221;enable_parallax&#8221; bg_position=&#8221;center bottom&#8221; css=&#8221;.vc_custom_1610377757004{padding-top: 80px !important;padding-bottom: 40px !important;}&#8221;][vc_column enable_content_animation=&#8221;yes&#8221; ca_init_scale_x=&#8221;1&#8243; ca_init_scale_y=&#8221;1&#8243; ca_init_scale_z=&#8221;1&#8243; ca_init_opacity=&#8221;0&#8243; ca_an_scale_x=&#8221;1&#8243;...\" \/>\n<meta property=\"og:url\" content=\"https:\/\/detectordobrasil.com.br\/en\/about-2\/\" \/>\n<meta property=\"og:site_name\" content=\"Detector do Brasil\" \/>\n<meta property=\"article:modified_time\" content=\"2021-01-26T14:46:07+00:00\" \/>\n<meta name=\"twitter:card\" content=\"summary_large_image\" \/>\n<meta name=\"twitter:label1\" content=\"Est. tempo de leitura\" \/>\n\t<meta name=\"twitter:data1\" content=\"3 minutos\" \/>\n<script type=\"application\/ld+json\" class=\"yoast-schema-graph\">{\"@context\":\"https:\/\/schema.org\",\"@graph\":[{\"@type\":\"WebPage\",\"@id\":\"https:\/\/detectordobrasil.com.br\/en\/about-2\/\",\"url\":\"https:\/\/detectordobrasil.com.br\/en\/about-2\/\",\"name\":\"About - Detector do Brasil\",\"isPartOf\":{\"@id\":\"https:\/\/detectordobrasil.com.br\/en\/#website\"},\"datePublished\":\"2018-09-10T17:31:21+00:00\",\"dateModified\":\"2021-01-26T14:46:07+00:00\",\"breadcrumb\":{\"@id\":\"https:\/\/detectordobrasil.com.br\/en\/about-2\/#breadcrumb\"},\"inLanguage\":\"pt-BR\",\"potentialAction\":[{\"@type\":\"ReadAction\",\"target\":[\"https:\/\/detectordobrasil.com.br\/en\/about-2\/\"]}]},{\"@type\":\"BreadcrumbList\",\"@id\":\"https:\/\/detectordobrasil.com.br\/en\/about-2\/#breadcrumb\",\"itemListElement\":[{\"@type\":\"ListItem\",\"position\":1,\"name\":\"In\u00edcio\",\"item\":\"https:\/\/detectordobrasil.com.br\/en\/\"},{\"@type\":\"ListItem\",\"position\":2,\"name\":\"About\"}]},{\"@type\":\"WebSite\",\"@id\":\"https:\/\/detectordobrasil.com.br\/en\/#website\",\"url\":\"https:\/\/detectordobrasil.com.br\/en\/\",\"name\":\"Detector do Brasil\",\"description\":\"\",\"potentialAction\":[{\"@type\":\"SearchAction\",\"target\":{\"@type\":\"EntryPoint\",\"urlTemplate\":\"https:\/\/detectordobrasil.com.br\/en\/?s={search_term_string}\"},\"query-input\":\"required name=search_term_string\"}],\"inLanguage\":\"pt-BR\"}]}<\/script>\n<!-- \/ Yoast SEO plugin. -->","yoast_head_json":{"title":"About - Detector do Brasil","robots":{"index":"index","follow":"follow","max-snippet":"max-snippet:-1","max-image-preview":"max-image-preview:large","max-video-preview":"max-video-preview:-1"},"canonical":"https:\/\/detectordobrasil.com.br\/en\/about-2\/","og_locale":"pt_BR","og_type":"article","og_title":"About - Detector do Brasil","og_description":"[vc_row parallax=&#8221;enable_parallax&#8221; bg_position=&#8221;center bottom&#8221; css=&#8221;.vc_custom_1610377757004{padding-top: 80px !important;padding-bottom: 40px !important;}&#8221;][vc_column enable_content_animation=&#8221;yes&#8221; ca_init_scale_x=&#8221;1&#8243; ca_init_scale_y=&#8221;1&#8243; ca_init_scale_z=&#8221;1&#8243; ca_init_opacity=&#8221;0&#8243; ca_an_scale_x=&#8221;1&#8243;...","og_url":"https:\/\/detectordobrasil.com.br\/en\/about-2\/","og_site_name":"Detector do Brasil","article_modified_time":"2021-01-26T14:46:07+00:00","twitter_card":"summary_large_image","twitter_misc":{"Est. tempo de leitura":"3 minutos"},"schema":{"@context":"https:\/\/schema.org","@graph":[{"@type":"WebPage","@id":"https:\/\/detectordobrasil.com.br\/en\/about-2\/","url":"https:\/\/detectordobrasil.com.br\/en\/about-2\/","name":"About - Detector do Brasil","isPartOf":{"@id":"https:\/\/detectordobrasil.com.br\/en\/#website"},"datePublished":"2018-09-10T17:31:21+00:00","dateModified":"2021-01-26T14:46:07+00:00","breadcrumb":{"@id":"https:\/\/detectordobrasil.com.br\/en\/about-2\/#breadcrumb"},"inLanguage":"pt-BR","potentialAction":[{"@type":"ReadAction","target":["https:\/\/detectordobrasil.com.br\/en\/about-2\/"]}]},{"@type":"BreadcrumbList","@id":"https:\/\/detectordobrasil.com.br\/en\/about-2\/#breadcrumb","itemListElement":[{"@type":"ListItem","position":1,"name":"In\u00edcio","item":"https:\/\/detectordobrasil.com.br\/en\/"},{"@type":"ListItem","position":2,"name":"About"}]},{"@type":"WebSite","@id":"https:\/\/detectordobrasil.com.br\/en\/#website","url":"https:\/\/detectordobrasil.com.br\/en\/","name":"Detector do Brasil","description":"","potentialAction":[{"@type":"SearchAction","target":{"@type":"EntryPoint","urlTemplate":"https:\/\/detectordobrasil.com.br\/en\/?s={search_term_string}"},"query-input":"required name=search_term_string"}],"inLanguage":"pt-BR"}]}},"_links":{"self":[{"href":"https:\/\/detectordobrasil.com.br\/en\/wp-json\/wp\/v2\/pages\/3883","targetHints":{"allow":["GET"]}}],"collection":[{"href":"https:\/\/detectordobrasil.com.br\/en\/wp-json\/wp\/v2\/pages"}],"about":[{"href":"https:\/\/detectordobrasil.com.br\/en\/wp-json\/wp\/v2\/types\/page"}],"author":[{"embeddable":true,"href":"https:\/\/detectordobrasil.com.br\/en\/wp-json\/wp\/v2\/users\/1"}],"replies":[{"embeddable":true,"href":"https:\/\/detectordobrasil.com.br\/en\/wp-json\/wp\/v2\/comments?post=3883"}],"version-history":[{"count":8,"href":"https:\/\/detectordobrasil.com.br\/en\/wp-json\/wp\/v2\/pages\/3883\/revisions"}],"predecessor-version":[{"id":8506,"href":"https:\/\/detectordobrasil.com.br\/en\/wp-json\/wp\/v2\/pages\/3883\/revisions\/8506"}],"wp:attachment":[{"href":"https:\/\/detectordobrasil.com.br\/en\/wp-json\/wp\/v2\/media?parent=3883"}],"curies":[{"name":"wp","href":"https:\/\/api.w.org\/{rel}","templated":true}]}}